{"id":54,"date":"2011-12-20T14:50:07","date_gmt":"2011-12-20T14:50:07","guid":{"rendered":"http:\/\/www.digitalcarmagazine.com.tr\/Web\/?page_id=54"},"modified":"2024-06-28T11:29:46","modified_gmt":"2024-06-28T08:29:46","slug":"kunye","status":"publish","type":"page","link":"https:\/\/www.digitalcarmagazine.com.tr\/Web\/kunye\/","title":{"rendered":"K\u00dcNYE"},"content":{"rendered":"<h4>Genel Yay\u0131n Y\u00f6netmeni<\/h4>\n<p>Aykut \u00d6zdek <a href=\"mailto:aykut@digitalcarmagazine.com.tr\">aykut@digitalcarmagazine.com.tr<\/a><\/p>\n<h4><span style=\"color: #141823;\">Yaz\u0131 \u0130\u015fleri M\u00fcd\u00fcr\u00fc<\/span><\/h4>\n<p>Ersa \u00d6zdek <a href=\"mailto:esra@digitalcarmagazine.com.tr\">esra@digitalcarmagazine.com.tr<\/a><\/p>\n<h4>G\u00f6rsel Y\u00f6netmen<\/h4>\n<p>Bertu\u011f Yasavullar\u00a0 <a href=\"mailto:bertug@digitalcarmagazine.com.tr\" target=\"_blank\" rel=\"noopener\">bertug@digitalcarmagazine.com.tr<\/a><\/p>\n<h4>Y\u00d6NETMEN<\/h4>\n<h4>Video ve Foto\u011fraf<\/h4>\n<p>Serhat \u00d6zdek\u00a0 <a href=\"mailto:serhat@digitalcarmagazine.com.tr\">serhat@digitalcarmagazine.com.tr<\/a><\/p>\n<p>&nbsp;<\/p>\n<h4>Yaz\u0131l\u0131m ve Tasar\u0131m<\/h4>\n<p>R\u00f6va\u015fata Yay\u0131nc\u0131l\u0131k<\/p>\n<p><span class=\"Apple-style-span\" style=\"font-weight: bold;\">Hukuk Dan\u0131\u015fman\u0131<\/span><\/p>\n<p>Av. Hakan \u00d6zdek<\/p>\n<p>&nbsp;<\/p>\n<p>&nbsp;<\/p>\n","protected":false},"excerpt":{"rendered":"<p>Genel Yay\u0131n Y\u00f6netmeni Aykut \u00d6zdek aykut@digitalcarmagazine.com.tr Yaz\u0131 \u0130\u015fleri M\u00fcd\u00fcr\u00fc Ersa \u00d6zdek esra@digitalcarmagazine.com.tr G\u00f6rsel Y\u00f6netmen Bertu\u011f Yasavullar\u00a0 bertug@digitalcarmagazine.com.tr Y\u00d6NETMEN Video ve Foto\u011fraf Serhat \u00d6zdek\u00a0 serhat@digitalcarmagazine.com.tr &nbsp; Yaz\u0131l\u0131m ve Tasar\u0131m R\u00f6va\u015fata Yay\u0131nc\u0131l\u0131k Hukuk Dan\u0131\u015fman\u0131 Av. Hakan \u00d6zdek &nbsp; &nbsp;<\/p>\n","protected":false},"author":1,"featured_media":0,"parent":0,"menu_order":0,"comment_status":"open","ping_status":"open","template":"","meta":[],"_links":{"self":[{"href":"https:\/\/www.digitalcarmagazine.com.tr\/Web\/wp-json\/wp\/v2\/pages\/54"}],"collection":[{"href":"https:\/\/www.digitalcarmagazine.com.tr\/Web\/wp-json\/wp\/v2\/pages"}],"about":[{"href":"https:\/\/www.digitalcarmagazine.com.tr\/Web\/wp-json\/wp\/v2\/types\/page"}],"author":[{"embeddable":true,"href":"https:\/\/www.digitalcarmagazine.com.tr\/Web\/wp-json\/wp\/v2\/users\/1"}],"replies":[{"embeddable":true,"href":"https:\/\/www.digitalcarmagazine.com.tr\/Web\/wp-json\/wp\/v2\/comments?post=54"}],"version-history":[{"count":26,"href":"https:\/\/www.digitalcarmagazine.com.tr\/Web\/wp-json\/wp\/v2\/pages\/54\/revisions"}],"predecessor-version":[{"id":29037,"href":"https:\/\/www.digitalcarmagazine.com.tr\/Web\/wp-json\/wp\/v2\/pages\/54\/revisions\/29037"}],"wp:attachment":[{"href":"https:\/\/www.digitalcarmagazine.com.tr\/Web\/wp-json\/wp\/v2\/media?parent=54"}],"curies":[{"name":"wp","href":"https:\/\/api.w.org\/{rel}","templated":true}]}}